{"id":22164,"date":"2026-03-31T17:30:49","date_gmt":"2026-03-31T15:30:49","guid":{"rendered":"https:\/\/steixnerleather.com\/?post_type=product&#038;p=22164"},"modified":"2026-03-31T17:38:10","modified_gmt":"2026-03-31T15:38:10","slug":"aria-india-pattern-round-side-bag-masolat-masolat-masolat-2","status":"publish","type":"product","link":"https:\/\/steixnerleather.com\/en\/termek\/aria-india-pattern-round-side-bag-masolat-masolat-masolat-2\/","title":{"rendered":"&#8220;Aria&#8221; &#8211; india pattern- round side bag (m\u00e1solat) (m\u00e1solat) (m\u00e1solat)"},"content":{"rendered":"","protected":false},"excerpt":{"rendered":"<div class=\"kvgmc6g5 cxmmr5t8 oygrvhab hcukyx3x c1et5uql ii04i59q\">\n<div dir=\"auto\">Made of cowhide and stingray leather, this is a PR\u00c9MIUM women&#8217;s bag with a vegetable pattern !<\/div>\n<div dir=\"auto\">100% handmade , with leather lining, metal drawstring closure, back pocket, 1 compartment, 1 inside pocket, adjustable shoulder strap, meticulously crafted openwork finish! Size: 31 x 31 x 6 cm<\/div>\n<div dir=\"auto\">I highly recommend it for those who like timeless and exciting shapes.<\/div>\n<div dir=\"auto\">You can order it with your name and in any colour scheme you like!<\/div>\n<\/div>\n<div class=\"o9v6fnle cxmmr5t8 oygrvhab hcukyx3x c1et5uql ii04i59q\">\n<div dir=\"auto\"><\/div>\n<\/div>\n","protected":false},"featured_media":22166,"template":"","meta":[],"product_brand":[],"product_cat":[1550,1554,1576,1579,1582],"product_tag":[1616,1633,1638,1615,1647],"class_list":{"0":"post-22164","1":"product","2":"type-product","3":"status-publish","4":"has-post-thumbnail","6":"product_cat-mens-and-unisex-bags","7":"product_cat-backpack","8":"product_cat-womens-and-unisex-bag","9":"product_cat-backpack-en","10":"product_cat-side-bag","11":"product_tag-ivy","12":"product_tag-palmette","13":"product_tag-stylized-flower","14":"product_tag-tendril","15":"product_tag-tulip","16":"pa_stilus-casual","17":"pa_stilus-everyday","18":"wcpa_has_options","20":"first","21":"onbackorder","22":"shipping-taxable","23":"purchasable","24":"product-type-simple"},"aioseo_notices":[],"_links":{"self":[{"href":"https:\/\/steixnerleather.com\/en\/wp-json\/wp\/v2\/product\/22164","targetHints":{"allow":["GET"]}}],"collection":[{"href":"https:\/\/steixnerleather.com\/en\/wp-json\/wp\/v2\/product"}],"about":[{"href":"https:\/\/steixnerleather.com\/en\/wp-json\/wp\/v2\/types\/product"}],"wp:featuredmedia":[{"embeddable":true,"href":"https:\/\/steixnerleather.com\/en\/wp-json\/wp\/v2\/media\/22166"}],"wp:attachment":[{"href":"https:\/\/steixnerleather.com\/en\/wp-json\/wp\/v2\/media?parent=22164"}],"wp:term":[{"taxonomy":"product_brand","embeddable":true,"href":"https:\/\/steixnerleather.com\/en\/wp-json\/wp\/v2\/product_brand?post=22164"},{"taxonomy":"product_cat","embeddable":true,"href":"https:\/\/steixnerleather.com\/en\/wp-json\/wp\/v2\/product_cat?post=22164"},{"taxonomy":"product_tag","embeddable":true,"href":"https:\/\/steixnerleather.com\/en\/wp-json\/wp\/v2\/product_tag?post=22164"}],"curies":[{"name":"wp","href":"https:\/\/api.w.org\/{rel}","templated":true}]}}