{"id":22138,"date":"2026-03-31T17:22:10","date_gmt":"2026-03-31T15:22:10","guid":{"rendered":"https:\/\/steixnerleather.com\/?post_type=product&#038;p=22138"},"modified":"2026-03-31T17:27:16","modified_gmt":"2026-03-31T15:27:16","slug":"womens-leather-handbag-karola-masolat-masolat-masolat","status":"publish","type":"product","link":"https:\/\/steixnerleather.com\/en\/termek\/womens-leather-handbag-karola-masolat-masolat-masolat\/","title":{"rendered":"Women&#8217;s leather handbag &#8220;Karola&#8221; (m\u00e1solat) (m\u00e1solat) (m\u00e1solat)"},"content":{"rendered":"","protected":false},"excerpt":{"rendered":"<p>This very special bag, with double handles and a copper logo, has a richly engraved and openwork floral pattern all over the front. The inside has 1 large compartment and a flat pocket. All parts are made of cowhide and lined with cowhide and are entirely handmade.<\/p>\n<p>Order the piece(s) pictured or choose any colour scheme you like. Make it even more personal with name\/monogram engraving. Contact me with confidence: v. Istv\u00e1n Steixner<\/p>\n","protected":false},"featured_media":22148,"template":"","meta":[],"product_brand":[],"product_cat":[1576,1577,1580,1584],"product_tag":[1652,1633,1615,1647],"class_list":{"0":"post-22138","1":"product","2":"type-product","3":"status-publish","4":"has-post-thumbnail","6":"product_cat-womens-and-unisex-bag","7":"product_cat-casual-bag","8":"product_cat-handbag-en","9":"product_cat-shoulder-bag","10":"product_tag-flower","11":"product_tag-palmette","12":"product_tag-tendril","13":"product_tag-tulip","14":"pa_stilus-business","15":"pa_stilus-casual","16":"pa_stilus-everyday","17":"pa_stilus-traditional","18":"pa_stilus-travel","19":"wcpa_has_options","21":"first","22":"onbackorder","23":"shipping-taxable","24":"purchasable","25":"product-type-simple"},"aioseo_notices":[],"_links":{"self":[{"href":"https:\/\/steixnerleather.com\/en\/wp-json\/wp\/v2\/product\/22138","targetHints":{"allow":["GET"]}}],"collection":[{"href":"https:\/\/steixnerleather.com\/en\/wp-json\/wp\/v2\/product"}],"about":[{"href":"https:\/\/steixnerleather.com\/en\/wp-json\/wp\/v2\/types\/product"}],"wp:featuredmedia":[{"embeddable":true,"href":"https:\/\/steixnerleather.com\/en\/wp-json\/wp\/v2\/media\/22148"}],"wp:attachment":[{"href":"https:\/\/steixnerleather.com\/en\/wp-json\/wp\/v2\/media?parent=22138"}],"wp:term":[{"taxonomy":"product_brand","embeddable":true,"href":"https:\/\/steixnerleather.com\/en\/wp-json\/wp\/v2\/product_brand?post=22138"},{"taxonomy":"product_cat","embeddable":true,"href":"https:\/\/steixnerleather.com\/en\/wp-json\/wp\/v2\/product_cat?post=22138"},{"taxonomy":"product_tag","embeddable":true,"href":"https:\/\/steixnerleather.com\/en\/wp-json\/wp\/v2\/product_tag?post=22138"}],"curies":[{"name":"wp","href":"https:\/\/api.w.org\/{rel}","templated":true}]}}