{"id":21516,"date":"2026-01-04T12:49:30","date_gmt":"2026-01-04T11:49:30","guid":{"rendered":"https:\/\/steixnerleather.com\/?post_type=product&#038;p=21516"},"modified":"2026-01-04T12:57:28","modified_gmt":"2026-01-04T11:57:28","slug":"flower-of-life-pattern-wallet-masolat-masolat-masolat-masolat-masolat","status":"publish","type":"product","link":"https:\/\/steixnerleather.com\/en\/termek\/flower-of-life-pattern-wallet-masolat-masolat-masolat-masolat-masolat\/","title":{"rendered":"Flower of life pattern wallet (m\u00e1solat) (m\u00e1solat) (m\u00e1solat) (m\u00e1solat) (m\u00e1solat)"},"content":{"rendered":"","protected":false},"excerpt":{"rendered":"<p>Flower of life pattern and floral ornamentation on vegetable tanned cowhide, engraved and openwork, 4 compartment, 7 card holder, lid with double magnetic closure.<\/p>\n<p>Elegant brown, burgundy and maroon in a durable finish.<\/p>\n<p>Order the piece(s) pictured or choose any colour scheme you like. Make it even more personal with name\/monogram engraving. Contact me with confidence: v. Istv\u00e1n Steixner<\/p>\n","protected":false},"featured_media":21520,"template":"","meta":[],"product_brand":[],"product_cat":[1585],"product_tag":[1616,1633,1638,1615],"class_list":{"0":"post-21516","1":"product","2":"type-product","3":"status-publish","4":"has-post-thumbnail","6":"product_cat-wallet","7":"product_tag-ivy","8":"product_tag-palmette","9":"product_tag-stylized-flower","10":"product_tag-tendril","11":"pa_stilus-everyday","12":"wcpa_has_options","14":"first","15":"onbackorder","16":"shipping-taxable","17":"purchasable","18":"product-type-simple"},"aioseo_notices":[],"_links":{"self":[{"href":"https:\/\/steixnerleather.com\/en\/wp-json\/wp\/v2\/product\/21516","targetHints":{"allow":["GET"]}}],"collection":[{"href":"https:\/\/steixnerleather.com\/en\/wp-json\/wp\/v2\/product"}],"about":[{"href":"https:\/\/steixnerleather.com\/en\/wp-json\/wp\/v2\/types\/product"}],"wp:featuredmedia":[{"embeddable":true,"href":"https:\/\/steixnerleather.com\/en\/wp-json\/wp\/v2\/media\/21520"}],"wp:attachment":[{"href":"https:\/\/steixnerleather.com\/en\/wp-json\/wp\/v2\/media?parent=21516"}],"wp:term":[{"taxonomy":"product_brand","embeddable":true,"href":"https:\/\/steixnerleather.com\/en\/wp-json\/wp\/v2\/product_brand?post=21516"},{"taxonomy":"product_cat","embeddable":true,"href":"https:\/\/steixnerleather.com\/en\/wp-json\/wp\/v2\/product_cat?post=21516"},{"taxonomy":"product_tag","embeddable":true,"href":"https:\/\/steixnerleather.com\/en\/wp-json\/wp\/v2\/product_tag?post=21516"}],"curies":[{"name":"wp","href":"https:\/\/api.w.org\/{rel}","templated":true}]}}