{"id":21384,"date":"2025-12-31T11:19:53","date_gmt":"2025-12-31T10:19:53","guid":{"rendered":"https:\/\/steixnerleather.com\/?post_type=product&#038;p=21384"},"modified":"2025-12-31T11:24:42","modified_gmt":"2025-12-31T10:24:42","slug":"ryan-set-briefcase-and-backpack-masolat-masolat-masolat","status":"publish","type":"product","link":"https:\/\/steixnerleather.com\/en\/termek\/ryan-set-briefcase-and-backpack-masolat-masolat-masolat\/","title":{"rendered":"&#8220;Ryan&#8221; set briefcase and backpack (m\u00e1solat) (m\u00e1solat) (m\u00e1solat)"},"content":{"rendered":"","protected":false},"excerpt":{"rendered":"<div class=\"kvgmc6g5 cxmmr5t8 oygrvhab hcukyx3x c1et5uql ii04i59q\">\n<div dir=\"auto\">\n<div class=\"kvgmc6g5 cxmmr5t8 oygrvhab hcukyx3x c1et5uql ii04i59q\">\n<div dir=\"auto\">\n<div dir=\"auto\">The Marabou leather backpack with straw leather insert has arrived in 36 x 26 x 10 cm!  <span class=\"q9uorilb tbxw36s4 knj5qynh kvgmc6g5 ditlmg2l oygrvhab nvdbi5me fgm26odu gl3lb2sf hhz5lgdu\"><img decoding=\"async\" src=\"https:\/\/static.xx.fbcdn.net\/images\/emoji.php\/v9\/t4c\/1\/16\/1f642.png\" alt=\"\ud83d\ude42\" width=\"16\" height=\"16\">  Design: 2 compartments and internal flap pocket. Flat pocket on the back. with hand grab, adjustable and detachable shoulder strap, lid-lock closure. It also comes with 2 straps so you can wear it comfortably on your back.<\/span><\/div>\n<div dir=\"auto\">Premium quality, 100% handmade.<\/div>\n<div dir=\"auto\">Order the piece(s) pictured or choose any colour scheme you like. Make it even more personal with name\/monogram engraving. Contact me with confidence: v. Istv\u00e1n Steixner<\/div>\n<div dir=\"auto\">\n<div dir=\"auto\"><\/div>\n<\/div>\n<\/div>\n<\/div>\n<\/div>\n<\/div>\n","protected":false},"featured_media":21386,"template":"","meta":[],"product_brand":[],"product_cat":[1550,1557,1551,1555,1556,1558,1560,1576,1579,1580,1582,1584],"product_tag":[1633,1615],"class_list":{"0":"post-21384","1":"product","2":"type-product","3":"status-publish","4":"has-post-thumbnail","6":"product_cat-mens-and-unisex-bags","7":"product_cat-handbag","8":"product_cat-briefcase-en","9":"product_cat-rucksack","10":"product_cat-document-bag","11":"product_cat-laptop-bag","12":"product_cat-side-bags","13":"product_cat-womens-and-unisex-bag","14":"product_cat-backpack-en","15":"product_cat-handbag-en","16":"product_cat-side-bag","17":"product_cat-shoulder-bag","18":"product_tag-palmette","19":"product_tag-tendril","20":"pa_stilus-business","21":"pa_stilus-casual","22":"pa_stilus-everyday","23":"pa_stilus-travel","24":"wcpa_has_options","26":"first","27":"onbackorder","28":"shipping-taxable","29":"purchasable","30":"product-type-simple"},"aioseo_notices":[],"_links":{"self":[{"href":"https:\/\/steixnerleather.com\/en\/wp-json\/wp\/v2\/product\/21384","targetHints":{"allow":["GET"]}}],"collection":[{"href":"https:\/\/steixnerleather.com\/en\/wp-json\/wp\/v2\/product"}],"about":[{"href":"https:\/\/steixnerleather.com\/en\/wp-json\/wp\/v2\/types\/product"}],"wp:featuredmedia":[{"embeddable":true,"href":"https:\/\/steixnerleather.com\/en\/wp-json\/wp\/v2\/media\/21386"}],"wp:attachment":[{"href":"https:\/\/steixnerleather.com\/en\/wp-json\/wp\/v2\/media?parent=21384"}],"wp:term":[{"taxonomy":"product_brand","embeddable":true,"href":"https:\/\/steixnerleather.com\/en\/wp-json\/wp\/v2\/product_brand?post=21384"},{"taxonomy":"product_cat","embeddable":true,"href":"https:\/\/steixnerleather.com\/en\/wp-json\/wp\/v2\/product_cat?post=21384"},{"taxonomy":"product_tag","embeddable":true,"href":"https:\/\/steixnerleather.com\/en\/wp-json\/wp\/v2\/product_tag?post=21384"}],"curies":[{"name":"wp","href":"https:\/\/api.w.org\/{rel}","templated":true}]}}