{"id":21213,"date":"2025-12-30T18:32:07","date_gmt":"2025-12-30T17:32:07","guid":{"rendered":"https:\/\/steixnerleather.com\/?post_type=product&#038;p=21213"},"modified":"2025-12-30T18:38:53","modified_gmt":"2025-12-30T17:38:53","slug":"koppany-premium-leather-belt-masolat-2","status":"publish","type":"product","link":"https:\/\/steixnerleather.com\/en\/termek\/koppany-premium-leather-belt-masolat-2\/","title":{"rendered":"&#8220;Kopp\u00e1ny&#8221; PR\u00c9MIUM leather belt (m\u00e1solat)"},"content":{"rendered":"","protected":false},"excerpt":{"rendered":"<p>Extremely meticulously crafted belt in vegetable tanned cowhide, stitched, openworked, punched, lined, decorated with india pattern and silvered beats.<\/p>\n<p>Order the piece(s) pictured or choose any colour scheme you like. Make it even more personal with name\/monogram engraving. Contact me with confidence: v. Istv\u00e1n Steixner<\/p>\n<p>Size : 4 cm x exact waist size after<\/p>\n","protected":false},"featured_media":16929,"template":"","meta":[],"product_brand":[],"product_cat":[1595],"product_tag":[1616,1633,1638,1615],"class_list":{"0":"post-21213","1":"product","2":"type-product","3":"status-publish","4":"has-post-thumbnail","6":"product_cat-belt","7":"product_tag-ivy","8":"product_tag-palmette","9":"product_tag-stylized-flower","10":"product_tag-tendril","11":"pa_stilus-business","12":"pa_stilus-casual","13":"pa_stilus-everyday","14":"wcpa_has_options","16":"first","17":"onbackorder","18":"shipping-taxable","19":"purchasable","20":"product-type-simple"},"aioseo_notices":[],"_links":{"self":[{"href":"https:\/\/steixnerleather.com\/en\/wp-json\/wp\/v2\/product\/21213","targetHints":{"allow":["GET"]}}],"collection":[{"href":"https:\/\/steixnerleather.com\/en\/wp-json\/wp\/v2\/product"}],"about":[{"href":"https:\/\/steixnerleather.com\/en\/wp-json\/wp\/v2\/types\/product"}],"wp:featuredmedia":[{"embeddable":true,"href":"https:\/\/steixnerleather.com\/en\/wp-json\/wp\/v2\/media\/16929"}],"wp:attachment":[{"href":"https:\/\/steixnerleather.com\/en\/wp-json\/wp\/v2\/media?parent=21213"}],"wp:term":[{"taxonomy":"product_brand","embeddable":true,"href":"https:\/\/steixnerleather.com\/en\/wp-json\/wp\/v2\/product_brand?post=21213"},{"taxonomy":"product_cat","embeddable":true,"href":"https:\/\/steixnerleather.com\/en\/wp-json\/wp\/v2\/product_cat?post=21213"},{"taxonomy":"product_tag","embeddable":true,"href":"https:\/\/steixnerleather.com\/en\/wp-json\/wp\/v2\/product_tag?post=21213"}],"curies":[{"name":"wp","href":"https:\/\/api.w.org\/{rel}","templated":true}]}}