{"id":20879,"date":"2025-10-19T18:31:53","date_gmt":"2025-10-19T16:31:53","guid":{"rendered":"https:\/\/steixnerleather.com\/?post_type=product&#038;p=20879"},"modified":"2025-10-19T18:36:26","modified_gmt":"2025-10-19T16:36:26","slug":"edi-wallet-masolat-masolat-masolat-2","status":"publish","type":"product","link":"https:\/\/steixnerleather.com\/en\/termek\/edi-wallet-masolat-masolat-masolat-2\/","title":{"rendered":"&#8221; Edi &#8221; wallet (m\u00e1solat) (m\u00e1solat) (m\u00e1solat)"},"content":{"rendered":"","protected":false},"excerpt":{"rendered":"<p>Wallet \/ briefcase made entirely by hand from vegetable tanned cowhide, goatskin and stingray leather with a Flower of Life design. With paper money compartment and 8 card holders.<\/p>\n<p>Order the piece(s) pictured or choose any colour scheme you like. Make it even more personal with name\/monogram engraving. Contact me with confidence: v. Istv\u00e1n Steixner<\/p>\n<p>Size: 10 x 11,5 x 1,5 cm<\/p>\n","protected":false},"featured_media":20901,"template":"","meta":[],"product_brand":[],"product_cat":[1594],"product_tag":[1633],"class_list":{"0":"post-20879","1":"product","2":"type-product","3":"status-publish","4":"has-post-thumbnail","6":"product_cat-watch-strap","7":"product_tag-palmette","8":"pa_stilus-everyday","9":"wcpa_has_options","11":"first","12":"onbackorder","13":"shipping-taxable","14":"purchasable","15":"product-type-simple"},"aioseo_notices":[],"_links":{"self":[{"href":"https:\/\/steixnerleather.com\/en\/wp-json\/wp\/v2\/product\/20879","targetHints":{"allow":["GET"]}}],"collection":[{"href":"https:\/\/steixnerleather.com\/en\/wp-json\/wp\/v2\/product"}],"about":[{"href":"https:\/\/steixnerleather.com\/en\/wp-json\/wp\/v2\/types\/product"}],"wp:featuredmedia":[{"embeddable":true,"href":"https:\/\/steixnerleather.com\/en\/wp-json\/wp\/v2\/media\/20901"}],"wp:attachment":[{"href":"https:\/\/steixnerleather.com\/en\/wp-json\/wp\/v2\/media?parent=20879"}],"wp:term":[{"taxonomy":"product_brand","embeddable":true,"href":"https:\/\/steixnerleather.com\/en\/wp-json\/wp\/v2\/product_brand?post=20879"},{"taxonomy":"product_cat","embeddable":true,"href":"https:\/\/steixnerleather.com\/en\/wp-json\/wp\/v2\/product_cat?post=20879"},{"taxonomy":"product_tag","embeddable":true,"href":"https:\/\/steixnerleather.com\/en\/wp-json\/wp\/v2\/product_tag?post=20879"}],"curies":[{"name":"wp","href":"https:\/\/api.w.org\/{rel}","templated":true}]}}