{"id":20368,"date":"2025-06-17T12:18:36","date_gmt":"2025-06-17T10:18:36","guid":{"rendered":"https:\/\/steixnerleather.com\/?post_type=product&#038;p=20368"},"modified":"2025-06-17T12:26:30","modified_gmt":"2025-06-17T10:26:30","slug":"palmer-leather-bag-for-women-masolat-masolat-masolat-2","status":"publish","type":"product","link":"https:\/\/steixnerleather.com\/en\/termek\/palmer-leather-bag-for-women-masolat-masolat-masolat-2\/","title":{"rendered":"&#8220;Palmer&#8221; leather bag for women (m\u00e1solat) (m\u00e1solat) (m\u00e1solat)"},"content":{"rendered":"","protected":false},"excerpt":{"rendered":"<p>Handbag with handles, 1 inside flap pocket, 1 compartment with drawstring closure, decorated with Indas pattern. Made entirely by hand from buffalo, skate and cowhide. A real, stylish modern piece. It is particularly easy to wear. It stands the test every time. The other pieces of the set are shown in the last picture! The price given is for this artwork only!<\/p>\n<p>Size: 35 x 30 x 7 cm<\/p>\n<p>You can order it with your name and in any colour scheme you like!<\/p>\n","protected":false},"featured_media":20370,"template":"","meta":[],"product_brand":[],"product_cat":[1576,1580,1582,1584],"product_tag":[1652,1654,1616,1615,1647],"class_list":{"0":"post-20368","1":"product","2":"type-product","3":"status-publish","4":"has-post-thumbnail","6":"product_cat-womens-and-unisex-bag","7":"product_cat-handbag-en","8":"product_cat-side-bag","9":"product_cat-shoulder-bag","10":"product_tag-flower","11":"product_tag-flower-of-life","12":"product_tag-ivy","13":"product_tag-tendril","14":"product_tag-tulip","15":"pa_stilus-business","16":"pa_stilus-casual","17":"pa_stilus-everyday","18":"wcpa_has_options","20":"first","21":"onbackorder","22":"shipping-taxable","23":"purchasable","24":"product-type-simple"},"aioseo_notices":[],"_links":{"self":[{"href":"https:\/\/steixnerleather.com\/en\/wp-json\/wp\/v2\/product\/20368","targetHints":{"allow":["GET"]}}],"collection":[{"href":"https:\/\/steixnerleather.com\/en\/wp-json\/wp\/v2\/product"}],"about":[{"href":"https:\/\/steixnerleather.com\/en\/wp-json\/wp\/v2\/types\/product"}],"wp:featuredmedia":[{"embeddable":true,"href":"https:\/\/steixnerleather.com\/en\/wp-json\/wp\/v2\/media\/20370"}],"wp:attachment":[{"href":"https:\/\/steixnerleather.com\/en\/wp-json\/wp\/v2\/media?parent=20368"}],"wp:term":[{"taxonomy":"product_brand","embeddable":true,"href":"https:\/\/steixnerleather.com\/en\/wp-json\/wp\/v2\/product_brand?post=20368"},{"taxonomy":"product_cat","embeddable":true,"href":"https:\/\/steixnerleather.com\/en\/wp-json\/wp\/v2\/product_cat?post=20368"},{"taxonomy":"product_tag","embeddable":true,"href":"https:\/\/steixnerleather.com\/en\/wp-json\/wp\/v2\/product_tag?post=20368"}],"curies":[{"name":"wp","href":"https:\/\/api.w.org\/{rel}","templated":true}]}}