{"id":20202,"date":"2025-06-17T09:19:17","date_gmt":"2025-06-17T07:19:17","guid":{"rendered":"https:\/\/steixnerleather.com\/?post_type=product&#038;p=20202"},"modified":"2025-06-17T09:23:31","modified_gmt":"2025-06-17T07:23:31","slug":"koppany-premium-leather-belt-masolat-masolat","status":"publish","type":"product","link":"https:\/\/steixnerleather.com\/en\/termek\/koppany-premium-leather-belt-masolat-masolat\/","title":{"rendered":"&#8220;Kopp\u00e1ny&#8221; PR\u00c9MIUM leather belt (m\u00e1solat) (m\u00e1solat)"},"content":{"rendered":"","protected":false},"excerpt":{"rendered":"<p>Extremely meticulously crafted belt in vegetable tanned cowhide, stitched, openworked, punched, lined, decorated with india pattern and silvered beats.<\/p>\n<p>Order the piece(s) pictured or choose any colour scheme you like. Make it even more personal with name\/monogram engraving. Contact me with confidence: v. Istv\u00e1n Steixner<\/p>\n<p>Size : 4 cm x exact waist size after<\/p>\n","protected":false},"featured_media":16929,"template":"","meta":[],"product_brand":[],"product_cat":[1595],"product_tag":[1616,1633,1638,1615],"class_list":{"0":"post-20202","1":"product","2":"type-product","3":"status-publish","4":"has-post-thumbnail","6":"product_cat-belt","7":"product_tag-ivy","8":"product_tag-palmette","9":"product_tag-stylized-flower","10":"product_tag-tendril","11":"pa_stilus-business","12":"pa_stilus-casual","13":"pa_stilus-everyday","14":"pa_stilus-traditional","15":"wcpa_has_options","17":"first","18":"onbackorder","19":"shipping-taxable","20":"purchasable","21":"product-type-simple"},"aioseo_notices":[],"_links":{"self":[{"href":"https:\/\/steixnerleather.com\/en\/wp-json\/wp\/v2\/product\/20202","targetHints":{"allow":["GET"]}}],"collection":[{"href":"https:\/\/steixnerleather.com\/en\/wp-json\/wp\/v2\/product"}],"about":[{"href":"https:\/\/steixnerleather.com\/en\/wp-json\/wp\/v2\/types\/product"}],"wp:featuredmedia":[{"embeddable":true,"href":"https:\/\/steixnerleather.com\/en\/wp-json\/wp\/v2\/media\/16929"}],"wp:attachment":[{"href":"https:\/\/steixnerleather.com\/en\/wp-json\/wp\/v2\/media?parent=20202"}],"wp:term":[{"taxonomy":"product_brand","embeddable":true,"href":"https:\/\/steixnerleather.com\/en\/wp-json\/wp\/v2\/product_brand?post=20202"},{"taxonomy":"product_cat","embeddable":true,"href":"https:\/\/steixnerleather.com\/en\/wp-json\/wp\/v2\/product_cat?post=20202"},{"taxonomy":"product_tag","embeddable":true,"href":"https:\/\/steixnerleather.com\/en\/wp-json\/wp\/v2\/product_tag?post=20202"}],"curies":[{"name":"wp","href":"https:\/\/api.w.org\/{rel}","templated":true}]}}