{"id":20149,"date":"2025-06-17T08:40:33","date_gmt":"2025-06-17T06:40:33","guid":{"rendered":"https:\/\/steixnerleather.com\/?post_type=product&#038;p=20149"},"modified":"2025-06-17T09:07:23","modified_gmt":"2025-06-17T07:07:23","slug":"edina-womens-leather-handbag-masolat-masolat-masolat-masolat","status":"publish","type":"product","link":"https:\/\/steixnerleather.com\/en\/termek\/edina-womens-leather-handbag-masolat-masolat-masolat-masolat\/","title":{"rendered":"&#8220;Edina&#8221; women&#8217;s leather handbag (m\u00e1solat) (m\u00e1solat) (m\u00e1solat) (m\u00e1solat)"},"content":{"rendered":"","protected":false},"excerpt":{"rendered":"<p>Clean, elegant women&#8217;s bag with an openwork floral pattern. An adjustable, removable shoulder strap is also included. All parts are made of cowhide and lined with cowhide and are entirely handmade.<\/p>\n<p>Order the piece(s) pictured or choose any colour scheme you like. Make it even more personal with name\/monogram engraving. Contact me with confidence: v. Istv\u00e1n Steixner<\/p>\n","protected":false},"featured_media":21206,"template":"","meta":[],"product_brand":[],"product_cat":[1576,1577,1580,1582,1584],"product_tag":[],"class_list":{"0":"post-20149","1":"product","2":"type-product","3":"status-publish","4":"has-post-thumbnail","6":"product_cat-womens-and-unisex-bag","7":"product_cat-casual-bag","8":"product_cat-handbag-en","9":"product_cat-side-bag","10":"product_cat-shoulder-bag","11":"pa_stilus-casual","12":"pa_stilus-everyday","13":"wcpa_has_options","15":"first","16":"onbackorder","17":"shipping-taxable","18":"purchasable","19":"product-type-simple"},"aioseo_notices":[],"_links":{"self":[{"href":"https:\/\/steixnerleather.com\/en\/wp-json\/wp\/v2\/product\/20149","targetHints":{"allow":["GET"]}}],"collection":[{"href":"https:\/\/steixnerleather.com\/en\/wp-json\/wp\/v2\/product"}],"about":[{"href":"https:\/\/steixnerleather.com\/en\/wp-json\/wp\/v2\/types\/product"}],"wp:featuredmedia":[{"embeddable":true,"href":"https:\/\/steixnerleather.com\/en\/wp-json\/wp\/v2\/media\/21206"}],"wp:attachment":[{"href":"https:\/\/steixnerleather.com\/en\/wp-json\/wp\/v2\/media?parent=20149"}],"wp:term":[{"taxonomy":"product_brand","embeddable":true,"href":"https:\/\/steixnerleather.com\/en\/wp-json\/wp\/v2\/product_brand?post=20149"},{"taxonomy":"product_cat","embeddable":true,"href":"https:\/\/steixnerleather.com\/en\/wp-json\/wp\/v2\/product_cat?post=20149"},{"taxonomy":"product_tag","embeddable":true,"href":"https:\/\/steixnerleather.com\/en\/wp-json\/wp\/v2\/product_tag?post=20149"}],"curies":[{"name":"wp","href":"https:\/\/api.w.org\/{rel}","templated":true}]}}