{"id":19529,"date":"2025-01-01T21:40:36","date_gmt":"2025-01-01T20:40:36","guid":{"rendered":"https:\/\/steixnerleather.com\/?post_type=product&#038;p=19529"},"modified":"2025-01-01T22:10:22","modified_gmt":"2025-01-01T21:10:22","slug":"aladar-travel-bag-cowhide-leather-with-stingray-leather-insert-masolat-masolat","status":"publish","type":"product","link":"https:\/\/steixnerleather.com\/en\/termek\/aladar-travel-bag-cowhide-leather-with-stingray-leather-insert-masolat-masolat\/","title":{"rendered":"&#8220;Alad\u00e1r&#8221; travel bag &#8211; cowhide leather with stingray leather insert (m\u00e1solat) (m\u00e1solat)"},"content":{"rendered":"","protected":false},"excerpt":{"rendered":"<div class=\"kvgmc6g5 cxmmr5t8 oygrvhab hcukyx3x c1et5uql ii04i59q\">\n<div dir=\"auto\">100% All by hand, made to order! A creation made of Spanish cowhide  <span class=\"q9uorilb tbxw36s4 knj5qynh kvgmc6g5 ditlmg2l oygrvhab nvdbi5me fgm26odu gl3lb2sf hhz5lgdu\"><img decoding=\"async\" src=\"https:\/\/static.xx.fbcdn.net\/images\/emoji.php\/v9\/t4c\/1\/16\/1f642.png\" alt=\"\ud83d\ude42\" width=\"16\" height=\"16\"><\/span> Design: 1 compartment, 2 flat pockets, pull-tab, 2 handles, detachable shoulder strap.<\/div>\n<div dir=\"auto\">Perfect for a day trip or even a few days of hiking. It is also suitable for everyday use. With copper logo.<\/div>\n<\/div>\n<div dir=\"auto\">\n<p>Order the piece(s) pictured or choose any colour scheme you like. Make it even more personal with name\/monogram engraving. Contact me with confidence: v. Istv\u00e1n Steixner<\/p>\n<p>Size: 39x 26 x 21 cm<\/p>\n<\/div>\n<div class=\"o9v6fnle cxmmr5t8 oygrvhab hcukyx3x c1et5uql ii04i59q\">\n<div dir=\"auto\"><\/div>\n<\/div>\n","protected":false},"featured_media":19533,"template":"","meta":[],"product_brand":[],"product_cat":[1550,1561,1562,1580,1583],"product_tag":[1616,1615],"class_list":{"0":"post-19529","1":"product","2":"type-product","3":"status-publish","4":"has-post-thumbnail","6":"product_cat-mens-and-unisex-bags","7":"product_cat-sports-bag","8":"product_cat-travel-bag","9":"product_cat-handbag-en","10":"product_cat-travel-bag-en","11":"product_tag-ivy","12":"product_tag-tendril","13":"pa_stilus-business","14":"pa_stilus-casual","15":"pa_stilus-everyday","16":"pa_stilus-travel","17":"wcpa_has_options","19":"first","20":"onbackorder","21":"shipping-taxable","22":"purchasable","23":"product-type-simple"},"aioseo_notices":[],"_links":{"self":[{"href":"https:\/\/steixnerleather.com\/en\/wp-json\/wp\/v2\/product\/19529","targetHints":{"allow":["GET"]}}],"collection":[{"href":"https:\/\/steixnerleather.com\/en\/wp-json\/wp\/v2\/product"}],"about":[{"href":"https:\/\/steixnerleather.com\/en\/wp-json\/wp\/v2\/types\/product"}],"wp:featuredmedia":[{"embeddable":true,"href":"https:\/\/steixnerleather.com\/en\/wp-json\/wp\/v2\/media\/19533"}],"wp:attachment":[{"href":"https:\/\/steixnerleather.com\/en\/wp-json\/wp\/v2\/media?parent=19529"}],"wp:term":[{"taxonomy":"product_brand","embeddable":true,"href":"https:\/\/steixnerleather.com\/en\/wp-json\/wp\/v2\/product_brand?post=19529"},{"taxonomy":"product_cat","embeddable":true,"href":"https:\/\/steixnerleather.com\/en\/wp-json\/wp\/v2\/product_cat?post=19529"},{"taxonomy":"product_tag","embeddable":true,"href":"https:\/\/steixnerleather.com\/en\/wp-json\/wp\/v2\/product_tag?post=19529"}],"curies":[{"name":"wp","href":"https:\/\/api.w.org\/{rel}","templated":true}]}}