{"id":19233,"date":"2025-01-01T12:56:02","date_gmt":"2025-01-01T11:56:02","guid":{"rendered":"https:\/\/steixnerleather.com\/?post_type=product&#038;p=19233"},"modified":"2025-01-01T13:20:01","modified_gmt":"2025-01-01T12:20:01","slug":"womens-leather-bag-louise-masolat-masolat-masolat","status":"publish","type":"product","link":"https:\/\/steixnerleather.com\/en\/termek\/womens-leather-bag-louise-masolat-masolat-masolat\/","title":{"rendered":"Women&#8217;s leather bag &#8220;Louise&#8221; (m\u00e1solat) (m\u00e1solat) (m\u00e1solat)"},"content":{"rendered":"","protected":false},"excerpt":{"rendered":"<p>Adjustable shoulder strap, 3 flap pockets, 1 compartment, drawstring bag with flap, decorated with Indas pattern. All parts are lined with cowhide and entirely handmade from cowhide. A real modern piece. It stands the test every time.<\/p>\n<p>Size: 33 x 28 x 15 cm<\/p>\n<p>You can order it with your name and in any colour scheme you like!<\/p>\n","protected":false},"featured_media":19237,"template":"","meta":[],"product_brand":[],"product_cat":[1576,1582,1584],"product_tag":[1652,1616,1615,1653,1647],"class_list":{"0":"post-19233","1":"product","2":"type-product","3":"status-publish","4":"has-post-thumbnail","6":"product_cat-womens-and-unisex-bag","7":"product_cat-side-bag","8":"product_cat-shoulder-bag","9":"product_tag-flower","10":"product_tag-ivy","11":"product_tag-tendril","12":"product_tag-tree-of-life","13":"product_tag-tulip","14":"pa_stilus-business","15":"pa_stilus-casual","16":"pa_stilus-everyday","17":"wcpa_has_options","19":"first","20":"onbackorder","21":"shipping-taxable","22":"purchasable","23":"product-type-simple"},"aioseo_notices":[],"_links":{"self":[{"href":"https:\/\/steixnerleather.com\/en\/wp-json\/wp\/v2\/product\/19233","targetHints":{"allow":["GET"]}}],"collection":[{"href":"https:\/\/steixnerleather.com\/en\/wp-json\/wp\/v2\/product"}],"about":[{"href":"https:\/\/steixnerleather.com\/en\/wp-json\/wp\/v2\/types\/product"}],"wp:featuredmedia":[{"embeddable":true,"href":"https:\/\/steixnerleather.com\/en\/wp-json\/wp\/v2\/media\/19237"}],"wp:attachment":[{"href":"https:\/\/steixnerleather.com\/en\/wp-json\/wp\/v2\/media?parent=19233"}],"wp:term":[{"taxonomy":"product_brand","embeddable":true,"href":"https:\/\/steixnerleather.com\/en\/wp-json\/wp\/v2\/product_brand?post=19233"},{"taxonomy":"product_cat","embeddable":true,"href":"https:\/\/steixnerleather.com\/en\/wp-json\/wp\/v2\/product_cat?post=19233"},{"taxonomy":"product_tag","embeddable":true,"href":"https:\/\/steixnerleather.com\/en\/wp-json\/wp\/v2\/product_tag?post=19233"}],"curies":[{"name":"wp","href":"https:\/\/api.w.org\/{rel}","templated":true}]}}