{"id":19073,"date":"2024-12-31T13:03:22","date_gmt":"2024-12-31T12:03:22","guid":{"rendered":"https:\/\/steixnerleather.com\/?post_type=product&#038;p=19073"},"modified":"2024-12-31T13:08:29","modified_gmt":"2024-12-31T12:08:29","slug":"flower-of-life-pattern-wallet-masolat-masolat-masolat-2","status":"publish","type":"product","link":"https:\/\/steixnerleather.com\/en\/termek\/flower-of-life-pattern-wallet-masolat-masolat-masolat-2\/","title":{"rendered":"Flower of life pattern wallet (m\u00e1solat) (m\u00e1solat) (m\u00e1solat)"},"content":{"rendered":"","protected":false},"excerpt":{"rendered":"<p>Flower of life pattern and floral ornamentation on vegetable tanned cowhide, engraved and openwork, 4 compartment, 7 card holder, lid with double magnetic closure.<\/p>\n<p>Elegant brown, burgundy and maroon in a durable finish.<\/p>\n<p>Order the piece(s) pictured or choose any colour scheme you like. Make it even more personal with name\/monogram engraving. Contact me with confidence: v. Istv\u00e1n Steixner<\/p>\n","protected":false},"featured_media":19081,"template":"","meta":[],"product_brand":[],"product_cat":[1585,1547],"product_tag":[1654,1616,1633,1638,1615],"class_list":{"0":"post-19073","1":"product","2":"type-product","3":"status-publish","4":"has-post-thumbnail","6":"product_cat-wallet","7":"product_cat-briefcase","8":"product_tag-flower-of-life","9":"product_tag-ivy","10":"product_tag-palmette","11":"product_tag-stylized-flower","12":"product_tag-tendril","13":"pa_stilus-everyday","14":"wcpa_has_options","16":"first","17":"onbackorder","18":"shipping-taxable","19":"purchasable","20":"product-type-simple"},"aioseo_notices":[],"_links":{"self":[{"href":"https:\/\/steixnerleather.com\/en\/wp-json\/wp\/v2\/product\/19073","targetHints":{"allow":["GET"]}}],"collection":[{"href":"https:\/\/steixnerleather.com\/en\/wp-json\/wp\/v2\/product"}],"about":[{"href":"https:\/\/steixnerleather.com\/en\/wp-json\/wp\/v2\/types\/product"}],"wp:featuredmedia":[{"embeddable":true,"href":"https:\/\/steixnerleather.com\/en\/wp-json\/wp\/v2\/media\/19081"}],"wp:attachment":[{"href":"https:\/\/steixnerleather.com\/en\/wp-json\/wp\/v2\/media?parent=19073"}],"wp:term":[{"taxonomy":"product_brand","embeddable":true,"href":"https:\/\/steixnerleather.com\/en\/wp-json\/wp\/v2\/product_brand?post=19073"},{"taxonomy":"product_cat","embeddable":true,"href":"https:\/\/steixnerleather.com\/en\/wp-json\/wp\/v2\/product_cat?post=19073"},{"taxonomy":"product_tag","embeddable":true,"href":"https:\/\/steixnerleather.com\/en\/wp-json\/wp\/v2\/product_tag?post=19073"}],"curies":[{"name":"wp","href":"https:\/\/api.w.org\/{rel}","templated":true}]}}