{"id":18422,"date":"2024-04-05T17:59:11","date_gmt":"2024-04-05T15:59:11","guid":{"rendered":"https:\/\/steixnerleather.com\/?post_type=product&#038;p=18422"},"modified":"2024-04-05T18:09:26","modified_gmt":"2024-04-05T16:09:26","slug":"daniel-premium-car-bag-masolat","status":"publish","type":"product","link":"https:\/\/steixnerleather.com\/en\/termek\/daniel-premium-car-bag-masolat\/","title":{"rendered":"&#8220;D\u00e1niel&#8221; PR\u00c9MIUM +++ car bag (m\u00e1solat)"},"content":{"rendered":"","protected":false},"excerpt":{"rendered":"<div class=\"kvgmc6g5 cxmmr5t8 oygrvhab hcukyx3x c1et5uql ii04i59q\">\n<div dir=\"auto\">Specially detailed and extra Premium +++ car bag. Richly decorated. 100% All by hand, made to order! Italian beef and Indonesian stingray leather  <span class=\"q9uorilb tbxw36s4 knj5qynh kvgmc6g5 ditlmg2l oygrvhab nvdbi5me fgm26odu gl3lb2sf hhz5lgdu\"><img decoding=\"async\" src=\"https:\/\/static.xx.fbcdn.net\/images\/emoji.php\/v9\/t4c\/1\/16\/1f642.png\" alt=\"\ud83d\ude42\" width=\"16\" height=\"16\"><\/span>  Size: 25 x 26 x 9 cm<\/div>\n<div dir=\"auto\">Design: 2 compartments and 1 zipped flap pocket<\/div>\n<div dir=\"auto\">Order the piece(s) pictured or choose any colour scheme you like. Make it even more personal with name\/monogram engraving.<\/div>\n<\/div>\n<div class=\"o9v6fnle cxmmr5t8 oygrvhab hcukyx3x c1et5uql ii04i59q\">\n<div dir=\"auto\"><\/div>\n<\/div>\n","protected":false},"featured_media":18424,"template":"","meta":[],"product_brand":[],"product_cat":[1571],"product_tag":[1621,1616,1615],"class_list":{"0":"post-18422","1":"product","2":"type-product","3":"status-publish","4":"has-post-thumbnail","6":"product_cat-keychain","7":"product_tag-foliage","8":"product_tag-ivy","9":"product_tag-tendril","10":"pa_stilus-business","11":"pa_stilus-casual","12":"pa_stilus-everyday","13":"pa_stilus-travel","15":"first","16":"onbackorder","17":"shipping-taxable","18":"purchasable","19":"product-type-simple"},"aioseo_notices":[],"_links":{"self":[{"href":"https:\/\/steixnerleather.com\/en\/wp-json\/wp\/v2\/product\/18422","targetHints":{"allow":["GET"]}}],"collection":[{"href":"https:\/\/steixnerleather.com\/en\/wp-json\/wp\/v2\/product"}],"about":[{"href":"https:\/\/steixnerleather.com\/en\/wp-json\/wp\/v2\/types\/product"}],"wp:featuredmedia":[{"embeddable":true,"href":"https:\/\/steixnerleather.com\/en\/wp-json\/wp\/v2\/media\/18424"}],"wp:attachment":[{"href":"https:\/\/steixnerleather.com\/en\/wp-json\/wp\/v2\/media?parent=18422"}],"wp:term":[{"taxonomy":"product_brand","embeddable":true,"href":"https:\/\/steixnerleather.com\/en\/wp-json\/wp\/v2\/product_brand?post=18422"},{"taxonomy":"product_cat","embeddable":true,"href":"https:\/\/steixnerleather.com\/en\/wp-json\/wp\/v2\/product_cat?post=18422"},{"taxonomy":"product_tag","embeddable":true,"href":"https:\/\/steixnerleather.com\/en\/wp-json\/wp\/v2\/product_tag?post=18422"}],"curies":[{"name":"wp","href":"https:\/\/api.w.org\/{rel}","templated":true}]}}