{"id":17541,"date":"2021-10-04T11:34:06","date_gmt":"2021-10-04T09:34:06","guid":{"rendered":"https:\/\/steixnerleather.com\/contact\/"},"modified":"2024-03-30T21:31:59","modified_gmt":"2024-03-30T20:31:59","slug":"contact","status":"publish","type":"page","link":"https:\/\/steixnerleather.com\/en\/contact\/","title":{"rendered":"Contact"},"content":{"rendered":"\t\t<div data-elementor-type=\"wp-page\" data-elementor-id=\"17541\" class=\"elementor elementor-17541 elementor-108\">\n\t\t\t\t<div class=\"elementor-element elementor-element-1d55134 e-con-full e-flex e-con e-parent\" data-id=\"1d55134\" data-element_type=\"container\" data-e-type=\"container\">\n\t\t<div class=\"elementor-element elementor-element-a72a1d1 e-con-full e-flex e-con e-child\" data-id=\"a72a1d1\" data-element_type=\"container\" data-e-type=\"container\">\n\t\t\t\t<div class=\"elementor-element elementor-element-0fc5bb6 elementor-widget elementor-widget-text-editor\" data-id=\"0fc5bb6\" data-element_type=\"widget\" data-e-type=\"widget\" data-widget_type=\"text-editor.default\">\n\t\t\t\t<div class=\"elementor-widget-container\">\n\t\t\t\t\t\t\t\t\t<p>If you want to stand out from the crowd with a unique, handmade, quality leather bag or jewellery that will both keep you traditional and fashionable, contact us now! Tell me what you want and I&#8217;ll make it happen. Send me a message by filling in the form below and I will write to you as soon as I can to discuss the details. And if you&#8217;re not sure which product you&#8217;d like to order, take a look at my finished works for inspiration! All it takes is a small idea, a direction, to dream up your new leather accessory together.<\/p>\n<p>Write or call me with confidence!<\/p>\n\t\t\t\t\t\t\t\t<\/div>\n\t\t\t\t<\/div>\n\t\t\t\t<div class=\"elementor-element elementor-element-b1ddb63 elementor-widget elementor-widget-spacer\" data-id=\"b1ddb63\" data-element_type=\"widget\" data-e-type=\"widget\" data-widget_type=\"spacer.default\">\n\t\t\t\t<div class=\"elementor-widget-container\">\n\t\t\t\t\t\t\t<div class=\"elementor-spacer\">\n\t\t\t<div class=\"elementor-spacer-inner\"><\/div>\n\t\t<\/div>\n\t\t\t\t\t\t<\/div>\n\t\t\t\t<\/div>\n\t\t\t\t<div class=\"elementor-element elementor-element-c6b696f elementor-widget elementor-widget-heading\" data-id=\"c6b696f\" data-element_type=\"widget\" data-e-type=\"widget\" data-widget_type=\"heading.default\">\n\t\t\t\t<div class=\"elementor-widget-container\">\n\t\t\t\t\t<h2 class=\"elementor-heading-title elementor-size-default\">Istv\u00e1n Steixner Leatherworker\n<\/h2>\t\t\t\t<\/div>\n\t\t\t\t<\/div>\n\t\t\t\t<div class=\"elementor-element elementor-element-03d418e elementor-widget elementor-widget-text-editor\" data-id=\"03d418e\" data-element_type=\"widget\" data-e-type=\"widget\" data-widget_type=\"text-editor.default\">\n\t\t\t\t<div class=\"elementor-widget-container\">\n\t\t\t\t\t\t\t\t\t<p style=\"text-align: center;\"><a title=\"\" href=\"tel:+36%2070%20532%203034\">+36 70 532 3034<\/a><\/p>\n<p style=\"text-align: center;\"><span id=\"eeb-932671-611425\">steixneristvan@gmail.com<\/span><\/p>\n<p style=\"text-align: center;\">Registered office : <a href=\"https:\/\/www.google.com\/maps\/place\/Aba,+T%C3%A1ncsics+u.+37,+8127\/@47.0342723,18.5293843,17z\/data=!3m1!4b1!4m5!3m4!1s0x4769e32b1c68ff75:0xbd15e8b85886bbe8!8m2!3d47.0342723!4d18.531573\" target=\"_blank\" rel=\"noopener\">8127 Aba, T\u00e1ncsics utca 37.<\/a><\/p>\n<p style=\"text-align: center;\">Mailing address:  <a title=\"\" href=\"https:\/\/www.google.com\/maps\/place\/Duna%C3%BAjv%C3%A1ros,+P%C3%A1skom+u.+4,+2400\/@46.985244,18.9274127,17z\/data=!3m1!4b1!4m6!3m5!1s0x474219e844710919:0x8b0d80cbc0942aa1!8m2!3d46.9852404!4d18.9296014!16s%2Fg%2F11cs9b5c31?hl=hu\" target=\"_blank\" rel=\"noopener\">2400 Duna\u00fajv\u00e1ros, P\u00e1skom u. 4.<\/a><\/p>\n<p style=\"text-align: center;\">Write or call me with confidence!<\/p>\n\t\t\t\t\t\t\t\t<\/div>\n\t\t\t\t<\/div>\n\t\t\t\t<\/div>\n\t\t<div class=\"elementor-element elementor-element-b80402f e-con-full e-flex e-con e-child\" data-id=\"b80402f\" data-element_type=\"container\" data-e-type=\"container\">\n\t\t\t\t<div class=\"elementor-element elementor-element-32171f1 elementor-widget elementor-widget-heading\" data-id=\"32171f1\" data-element_type=\"widget\" data-e-type=\"widget\" data-widget_type=\"heading.default\">\n\t\t\t\t<div class=\"elementor-widget-container\">\n\t\t\t\t\t<h5 class=\"elementor-heading-title elementor-size-default\">If you have any questions about any of my products, please feel free to contact me.<\/h5>\t\t\t\t<\/div>\n\t\t\t\t<\/div>\n\t\t\t\t<div class=\"elementor-element elementor-element-cafc368 elementor-widget elementor-widget-jet-engine-booking-form\" data-id=\"cafc368\" data-element_type=\"widget\" data-e-type=\"widget\" data-widget_type=\"jet-engine-booking-form.default\">\n\t\t\t\t<div class=\"elementor-widget-container\">\n\t\t\t\t\t<form  class=\"jet-form layout-column submit-type-ajax\" action=\"\/en\/wp-json\/wp\/v2\/pages\/17541?jet_engine_action=book&#038;nocache=1777626379\" method=\"POST\" data-form-id=\"18184\"><input class=\"jet-form__field hidden-field\" type=\"hidden\" name=\"_jet_engine_booking_form_id\" value=\"18184\" data-field-name=\"_jet_engine_booking_form_id\"><input class=\"jet-form__field hidden-field\" type=\"hidden\" name=\"_jet_engine_refer\" value=\"https:\/\/steixnerleather.com\/en\/wp-json\/wp\/v2\/pages\/17541\/\" data-field-name=\"_jet_engine_refer\"><div  class=\"jet-form-row jet-form-row--hidden\"><div class=\"jet-form-col jet-form-col-12  field-type-hidden  jet-form-field-container\" data-field=\"post_id\" data-conditional=\"false\"><input class=\"jet-form__field hidden-field\" type=\"hidden\" name=\"post_id\" value=\"17541\" data-field-name=\"post_id\"><\/div><\/div><div  class=\"jet-form-row jet-form-row--first-visible\"><div class=\"jet-form-col jet-form-col-12  field-type-text  jet-form-field-container\" data-field=\"nev\" data-conditional=\"false\"><div class=\"jet-form__label\">\n\t<span class=\"jet-form__label-text\" >Name<span class=\"jet-form__required\">*<\/span><\/span>\n\t<\/div><input class=\"jet-form__field text-field \" value=\"\" required=\"required\" name=\"nev\" id=\"nev\" type=\"text\" data-field-name=\"nev\"><\/div><\/div><div  class=\"jet-form-row\"><div class=\"jet-form-col jet-form-col-12  field-type-text  jet-form-field-container\" data-field=\"email\" data-conditional=\"false\"><div class=\"jet-form__label\">\n\t<span class=\"jet-form__label-text\" >Email<span class=\"jet-form__required\">*<\/span><\/span>\n\t<\/div><input class=\"jet-form__field text-field \" value=\"\" required=\"required\" name=\"email\" id=\"email\" type=\"email\" data-field-name=\"email\"><\/div><\/div><div  class=\"jet-form-row\"><div class=\"jet-form-col jet-form-col-12  field-type-text  jet-form-field-container\" data-field=\"Telefon\" data-conditional=\"false\"><div class=\"jet-form__label\">\n\t<span class=\"jet-form__label-text\" >Phone<span class=\"jet-form__required\">*<\/span><\/span>\n\t<\/div><input class=\"jet-form__field text-field \" value=\"\" required=\"required\" name=\"Telefon\" id=\"Telefon\" type=\"tel\" data-field-name=\"Telefon\"><\/div><\/div><div  class=\"jet-form-row\"><div class=\"jet-form-col jet-form-col-12  field-type-textarea  jet-form-field-container\" data-field=\"elkepzeles\" data-conditional=\"false\"><div class=\"jet-form__label\">\n\t<span class=\"jet-form__label-text\" >Imagination \/ Message<span class=\"jet-form__required\">*<\/span><\/span>\n\t<\/div><textarea class=\"jet-form__field textarea-field\" required=\"required\" name=\"elkepzeles\" data-field-name=\"elkepzeles\" id=\"elkepzeles\"><\/textarea><\/div><\/div><div  class=\"jet-form-row jet-form-row--submit\"><div class=\"jet-form-col jet-form-col-12  field-type-submit  jet-form-field-container\" data-field=\"Submit\" data-conditional=\"false\"><div class=\"jet-form__submit-wrap\">\n\t\t<button class=\"jet-form__submit submit-type-ajax\" type=\"button\">Send<\/button>\n<\/div><\/div><\/div><input class=\"jet-form__field hidden-field\" type=\"hidden\" name=\"_jet_engine_nonce\" value=\"ade2c4c4dc\" data-field-name=\"_jet_engine_nonce\"><\/form><div class=\"jet-form-messages-wrap\" data-form-id=\"18184\"><\/div>\t\t\t\t<\/div>\n\t\t\t\t<\/div>\n\t\t\t\t<\/div>\n\t\t\t\t<\/div>\n\t\t<div class=\"elementor-element elementor-element-8730d0f e-con-full e-flex e-con e-parent\" data-id=\"8730d0f\" data-element_type=\"container\" data-e-type=\"container\" data-settings=\"{&quot;background_background&quot;:&quot;classic&quot;}\">\n\t\t<div class=\"elementor-element elementor-element-85c1df9 e-con-full e-flex e-con e-child\" data-id=\"85c1df9\" data-element_type=\"container\" data-e-type=\"container\">\n\t\t\t\t<div class=\"elementor-element elementor-element-2a00225 elementor-widget elementor-widget-google_maps\" data-id=\"2a00225\" data-element_type=\"widget\" data-e-type=\"widget\" data-widget_type=\"google_maps.default\">\n\t\t\t\t<div class=\"elementor-widget-container\">\n\t\t\t\t\t\t\t<div class=\"elementor-custom-embed\">\n\t\t\t<iframe loading=\"lazy\"\n\t\t\t\t\tsrc=\"https:\/\/maps.google.com\/maps?q=Duna%C3%BAjv%C3%A1ros%2C%20P%C3%A1skom%20u.%204.&#038;t=m&#038;z=15&#038;output=embed&#038;iwloc=near\"\n\t\t\t\t\ttitle=\"Duna\u00fajv\u00e1ros, P\u00e1skom u. 4.\"\n\t\t\t\t\taria-label=\"Duna\u00fajv\u00e1ros, P\u00e1skom u. 4.\"\n\t\t\t><\/iframe>\n\t\t<\/div>\n\t\t\t\t\t\t<\/div>\n\t\t\t\t<\/div>\n\t\t\t\t<\/div>\n\t\t\t\t<\/div>\n\t\t\t\t<\/div>\n\t\t","protected":false},"excerpt":{"rendered":"<p>If you want to stand out from the crowd with a unique, handmade, quality leather bag or jewellery that will both keep you traditional and fashionable, contact us now! Tell me what you want and I&#8217;ll make it happen. Send me a message by filling in the form below and I will write to you [&hellip;]<\/p>\n","protected":false},"author":1,"featured_media":0,"parent":0,"menu_order":0,"comment_status":"closed","ping_status":"closed","template":"elementor_header_footer","meta":{"footnotes":""},"class_list":["post-17541","page","type-page","status-publish","hentry"],"aioseo_notices":[],"_links":{"self":[{"href":"https:\/\/steixnerleather.com\/en\/wp-json\/wp\/v2\/pages\/17541","targetHints":{"allow":["GET"]}}],"collection":[{"href":"https:\/\/steixnerleather.com\/en\/wp-json\/wp\/v2\/pages"}],"about":[{"href":"https:\/\/steixnerleather.com\/en\/wp-json\/wp\/v2\/types\/page"}],"author":[{"embeddable":true,"href":"https:\/\/steixnerleather.com\/en\/wp-json\/wp\/v2\/users\/1"}],"replies":[{"embeddable":true,"href":"https:\/\/steixnerleather.com\/en\/wp-json\/wp\/v2\/comments?post=17541"}],"version-history":[{"count":0,"href":"https:\/\/steixnerleather.com\/en\/wp-json\/wp\/v2\/pages\/17541\/revisions"}],"wp:attachment":[{"href":"https:\/\/steixnerleather.com\/en\/wp-json\/wp\/v2\/media?parent=17541"}],"curies":[{"name":"wp","href":"https:\/\/api.w.org\/{rel}","templated":true}]}}